{"id":283,"date":"2024-01-27T13:14:13","date_gmt":"2024-01-27T12:14:13","guid":{"rendered":"https:\/\/jsptoledo.org\/?page_id=283"},"modified":"2025-12-29T14:30:19","modified_gmt":"2025-12-29T13:30:19","slug":"miembros-de-la-ejecutiva","status":"publish","type":"page","link":"https:\/\/jsptoledo.org\/index.php\/miembros-de-la-ejecutiva\/","title":{"rendered":"Miembros de la ejecutiva"},"content":{"rendered":"\t\t<div data-elementor-type=\"wp-page\" data-elementor-id=\"283\" class=\"elementor elementor-283\" data-elementor-post-type=\"page\">\n\t\t\t\t<div class=\"elementor-element elementor-element-5a8f551 e-con-full e-flex e-con e-parent\" data-id=\"5a8f551\" data-element_type=\"container\" data-e-type=\"container\">\n\t\t\t\t<div class=\"elementor-element elementor-element-0397656 elementor-widget elementor-widget-spacer\" data-id=\"0397656\" data-element_type=\"widget\" data-e-type=\"widget\" data-widget_type=\"spacer.default\">\n\t\t\t\t<div class=\"elementor-widget-container\">\n\t\t\t\t\t\t\t<div class=\"elementor-spacer\">\n\t\t\t<div class=\"elementor-spacer-inner\"><\/div>\n\t\t<\/div>\n\t\t\t\t\t\t<\/div>\n\t\t\t\t<\/div>\n\t\t\t\t<\/div>\n\t\t<div class=\"elementor-element elementor-element-538b895 e-grid e-con-full e-con e-parent\" data-id=\"538b895\" data-element_type=\"container\" data-e-type=\"container\">\n\t\t\t\t<div class=\"elementor-element elementor-element-1e89d63 elementor-position-top elementor-widget elementor-widget-image-box\" data-id=\"1e89d63\" data-element_type=\"widget\" data-e-type=\"widget\" data-widget_type=\"image-box.default\">\n\t\t\t\t<div class=\"elementor-widget-container\">\n\t\t\t\t\t<div class=\"elementor-image-box-wrapper\"><figure class=\"elementor-image-box-img\"><img fetchpriority=\"high\" decoding=\"async\" width=\"1080\" height=\"1080\" src=\"https:\/\/jsptoledo.org\/wp-content\/uploads\/2025\/12\/21.png\" class=\"attachment-full size-full wp-image-1160\" alt=\"\" srcset=\"https:\/\/jsptoledo.org\/wp-content\/uploads\/2025\/12\/21.png 1080w, https:\/\/jsptoledo.org\/wp-content\/uploads\/2025\/12\/21-300x300.png 300w, https:\/\/jsptoledo.org\/wp-content\/uploads\/2025\/12\/21-1024x1024.png 1024w, https:\/\/jsptoledo.org\/wp-content\/uploads\/2025\/12\/21-150x150.png 150w, https:\/\/jsptoledo.org\/wp-content\/uploads\/2025\/12\/21-768x768.png 768w\" sizes=\"(max-width: 1080px) 100vw, 1080px\" \/><\/figure><div class=\"elementor-image-box-content\"><h6 class=\"elementor-image-box-title\">Nacho Hern\u00e1ndez<\/h6><p class=\"elementor-image-box-description\">Secretario General<\/p><\/div><\/div>\t\t\t\t<\/div>\n\t\t\t\t<\/div>\n\t\t\t\t<\/div>\n\t\t<div class=\"elementor-element elementor-element-7f61655 e-grid e-con-full e-con e-parent\" data-id=\"7f61655\" data-element_type=\"container\" data-e-type=\"container\">\n\t\t\t\t<div class=\"elementor-element elementor-element-23c9751 elementor-position-top elementor-widget elementor-widget-image-box\" data-id=\"23c9751\" data-element_type=\"widget\" data-e-type=\"widget\" data-widget_type=\"image-box.default\">\n\t\t\t\t<div class=\"elementor-widget-container\">\n\t\t\t\t\t<div class=\"elementor-image-box-wrapper\"><figure class=\"elementor-image-box-img\"><img decoding=\"async\" width=\"1080\" height=\"1080\" src=\"https:\/\/jsptoledo.org\/wp-content\/uploads\/2025\/12\/16.png\" class=\"attachment-full size-full wp-image-1153\" alt=\"\" srcset=\"https:\/\/jsptoledo.org\/wp-content\/uploads\/2025\/12\/16.png 1080w, https:\/\/jsptoledo.org\/wp-content\/uploads\/2025\/12\/16-300x300.png 300w, https:\/\/jsptoledo.org\/wp-content\/uploads\/2025\/12\/16-1024x1024.png 1024w, https:\/\/jsptoledo.org\/wp-content\/uploads\/2025\/12\/16-150x150.png 150w, https:\/\/jsptoledo.org\/wp-content\/uploads\/2025\/12\/16-768x768.png 768w\" sizes=\"(max-width: 1080px) 100vw, 1080px\" \/><\/figure><div class=\"elementor-image-box-content\"><h6 class=\"elementor-image-box-title\">Estefan\u00eda G\u00f3mez de la Torre<\/h6><p class=\"elementor-image-box-description\">Secretaria de Organizaci\u00f3n y Coordinaci\u00f3n Territorial<\/p><\/div><\/div>\t\t\t\t<\/div>\n\t\t\t\t<\/div>\n\t\t\t\t<div class=\"elementor-element elementor-element-f01b015 elementor-position-top elementor-widget elementor-widget-image-box\" data-id=\"f01b015\" data-element_type=\"widget\" data-e-type=\"widget\" data-widget_type=\"image-box.default\">\n\t\t\t\t<div class=\"elementor-widget-container\">\n\t\t\t\t\t<div class=\"elementor-image-box-wrapper\"><figure class=\"elementor-image-box-img\"><img decoding=\"async\" width=\"806\" height=\"909\" src=\"https:\/\/jsptoledo.org\/wp-content\/uploads\/2024\/01\/David-Figueras.jpeg\" class=\"attachment-full size-full wp-image-324\" alt=\"\" srcset=\"https:\/\/jsptoledo.org\/wp-content\/uploads\/2024\/01\/David-Figueras.jpeg 806w, https:\/\/jsptoledo.org\/wp-content\/uploads\/2024\/01\/David-Figueras-266x300.jpeg 266w, https:\/\/jsptoledo.org\/wp-content\/uploads\/2024\/01\/David-Figueras-768x866.jpeg 768w\" sizes=\"(max-width: 806px) 100vw, 806px\" \/><\/figure><div class=\"elementor-image-box-content\"><h3 class=\"elementor-image-box-title\">David Figueras<\/h3><p class=\"elementor-image-box-description\">Vicesecretario de Organizaci\u00f3n y Derechos LGTBIQ+<\/p><\/div><\/div>\t\t\t\t<\/div>\n\t\t\t\t<\/div>\n\t\t\t\t<\/div>\n\t\t<div class=\"elementor-element elementor-element-3914644 e-grid e-con-boxed e-con e-parent\" data-id=\"3914644\" data-element_type=\"container\" data-e-type=\"container\">\n\t\t\t\t\t<div class=\"e-con-inner\">\n\t\t\t\t<div class=\"elementor-element elementor-element-20c2973 elementor-position-top elementor-widget elementor-widget-image-box\" data-id=\"20c2973\" data-element_type=\"widget\" data-e-type=\"widget\" data-widget_type=\"image-box.default\">\n\t\t\t\t<div class=\"elementor-widget-container\">\n\t\t\t\t\t<div class=\"elementor-image-box-wrapper\"><figure class=\"elementor-image-box-img\"><img loading=\"lazy\" decoding=\"async\" width=\"620\" height=\"620\" src=\"https:\/\/jsptoledo.org\/wp-content\/uploads\/2024\/01\/Sabrin-Yermak.jpg\" class=\"attachment-full size-full wp-image-334\" alt=\"\" srcset=\"https:\/\/jsptoledo.org\/wp-content\/uploads\/2024\/01\/Sabrin-Yermak.jpg 620w, https:\/\/jsptoledo.org\/wp-content\/uploads\/2024\/01\/Sabrin-Yermak-300x300.jpg 300w, https:\/\/jsptoledo.org\/wp-content\/uploads\/2024\/01\/Sabrin-Yermak-150x150.jpg 150w\" sizes=\"(max-width: 620px) 100vw, 620px\" \/><\/figure><div class=\"elementor-image-box-content\"><h6 class=\"elementor-image-box-title\">Sabrin Yermak<\/h6><p class=\"elementor-image-box-description\">Vicesecretaria General Primera <br>de Internacionalismo y Coordinaci\u00f3n<\/p><\/div><\/div>\t\t\t\t<\/div>\n\t\t\t\t<\/div>\n\t\t\t\t<div class=\"elementor-element elementor-element-b61b3d5 elementor-position-top elementor-widget elementor-widget-image-box\" data-id=\"b61b3d5\" data-element_type=\"widget\" data-e-type=\"widget\" data-widget_type=\"image-box.default\">\n\t\t\t\t<div class=\"elementor-widget-container\">\n\t\t\t\t\t<div class=\"elementor-image-box-wrapper\"><figure class=\"elementor-image-box-img\"><img loading=\"lazy\" decoding=\"async\" width=\"307\" height=\"316\" src=\"https:\/\/jsptoledo.org\/wp-content\/uploads\/2024\/01\/Alvaro-Sanz-.jpg\" class=\"attachment-full size-full wp-image-321\" alt=\"\" srcset=\"https:\/\/jsptoledo.org\/wp-content\/uploads\/2024\/01\/Alvaro-Sanz-.jpg 307w, https:\/\/jsptoledo.org\/wp-content\/uploads\/2024\/01\/Alvaro-Sanz--291x300.jpg 291w\" sizes=\"(max-width: 307px) 100vw, 307px\" \/><\/figure><div class=\"elementor-image-box-content\"><h6 class=\"elementor-image-box-title\">\u00c1lvaro Sanz<\/h6><p class=\"elementor-image-box-description\">Vicesecretario General Segundo <br>y de Derechos Sociales<\/p><\/div><\/div>\t\t\t\t<\/div>\n\t\t\t\t<\/div>\n\t\t\t\t<div class=\"elementor-element elementor-element-53fd538 elementor-position-top elementor-widget elementor-widget-image-box\" data-id=\"53fd538\" data-element_type=\"widget\" data-e-type=\"widget\" data-widget_type=\"image-box.default\">\n\t\t\t\t<div class=\"elementor-widget-container\">\n\t\t\t\t\t<div class=\"elementor-image-box-wrapper\"><figure class=\"elementor-image-box-img\"><img loading=\"lazy\" decoding=\"async\" width=\"1080\" height=\"1080\" src=\"https:\/\/jsptoledo.org\/wp-content\/uploads\/2024\/01\/Susana-Estrella.png\" class=\"attachment-full size-full wp-image-335\" alt=\"\" srcset=\"https:\/\/jsptoledo.org\/wp-content\/uploads\/2024\/01\/Susana-Estrella.png 1080w, https:\/\/jsptoledo.org\/wp-content\/uploads\/2024\/01\/Susana-Estrella-300x300.png 300w, https:\/\/jsptoledo.org\/wp-content\/uploads\/2024\/01\/Susana-Estrella-1024x1024.png 1024w, https:\/\/jsptoledo.org\/wp-content\/uploads\/2024\/01\/Susana-Estrella-150x150.png 150w, https:\/\/jsptoledo.org\/wp-content\/uploads\/2024\/01\/Susana-Estrella-768x768.png 768w\" sizes=\"(max-width: 1080px) 100vw, 1080px\" \/><\/figure><div class=\"elementor-image-box-content\"><h3 class=\"elementor-image-box-title\">Susana Estrella<\/h3><p class=\"elementor-image-box-description\">Vicesecretaria General Tercera <br>y de Feminismo y Comunicaci\u00f3n<\/p><\/div><\/div>\t\t\t\t<\/div>\n\t\t\t\t<\/div>\n\t\t\t\t\t<\/div>\n\t\t\t\t<\/div>\n\t\t<div class=\"elementor-element elementor-element-5ff2ee4 e-flex e-con-boxed e-con e-parent\" data-id=\"5ff2ee4\" data-element_type=\"container\" data-e-type=\"container\">\n\t\t\t\t\t<div class=\"e-con-inner\">\n\t\t<div class=\"elementor-element elementor-element-931195a e-con-full e-flex e-con e-child\" data-id=\"931195a\" data-element_type=\"container\" data-e-type=\"container\">\n\t\t\t\t<div class=\"elementor-element elementor-element-6f87639 elementor-position-top elementor-widget elementor-widget-image-box\" data-id=\"6f87639\" data-element_type=\"widget\" data-e-type=\"widget\" data-widget_type=\"image-box.default\">\n\t\t\t\t<div class=\"elementor-widget-container\">\n\t\t\t\t\t<div class=\"elementor-image-box-wrapper\"><figure class=\"elementor-image-box-img\"><img loading=\"lazy\" decoding=\"async\" width=\"2362\" height=\"2560\" src=\"https:\/\/jsptoledo.org\/wp-content\/uploads\/2024\/01\/Alberto-Toribio-scaled.jpeg\" class=\"attachment-full size-full wp-image-317\" alt=\"\" srcset=\"https:\/\/jsptoledo.org\/wp-content\/uploads\/2024\/01\/Alberto-Toribio-scaled.jpeg 2362w, https:\/\/jsptoledo.org\/wp-content\/uploads\/2024\/01\/Alberto-Toribio-277x300.jpeg 277w, https:\/\/jsptoledo.org\/wp-content\/uploads\/2024\/01\/Alberto-Toribio-945x1024.jpeg 945w, https:\/\/jsptoledo.org\/wp-content\/uploads\/2024\/01\/Alberto-Toribio-768x832.jpeg 768w, https:\/\/jsptoledo.org\/wp-content\/uploads\/2024\/01\/Alberto-Toribio-1417x1536.jpeg 1417w, https:\/\/jsptoledo.org\/wp-content\/uploads\/2024\/01\/Alberto-Toribio-1889x2048.jpeg 1889w\" sizes=\"(max-width: 2362px) 100vw, 2362px\" \/><\/figure><div class=\"elementor-image-box-content\"><h6 class=\"elementor-image-box-title\">Alberto Toribio<\/h6><p class=\"elementor-image-box-description\">Secretario de Pol\u00edtica Municipal<\/p><\/div><\/div>\t\t\t\t<\/div>\n\t\t\t\t<\/div>\n\t\t\t\t<\/div>\n\t\t<div class=\"elementor-element elementor-element-93057a9 e-con-full e-flex e-con e-child\" data-id=\"93057a9\" data-element_type=\"container\" data-e-type=\"container\">\n\t\t\t\t<div class=\"elementor-element elementor-element-2792551 elementor-position-top elementor-widget elementor-widget-image-box\" data-id=\"2792551\" data-element_type=\"widget\" data-e-type=\"widget\" data-widget_type=\"image-box.default\">\n\t\t\t\t<div class=\"elementor-widget-container\">\n\t\t\t\t\t<div class=\"elementor-image-box-wrapper\"><figure class=\"elementor-image-box-img\"><img loading=\"lazy\" decoding=\"async\" width=\"1922\" height=\"2098\" src=\"https:\/\/jsptoledo.org\/wp-content\/uploads\/2024\/01\/Fran-Pantoja.jpeg\" class=\"attachment-full size-full wp-image-327\" alt=\"\" srcset=\"https:\/\/jsptoledo.org\/wp-content\/uploads\/2024\/01\/Fran-Pantoja.jpeg 1922w, https:\/\/jsptoledo.org\/wp-content\/uploads\/2024\/01\/Fran-Pantoja-275x300.jpeg 275w, https:\/\/jsptoledo.org\/wp-content\/uploads\/2024\/01\/Fran-Pantoja-938x1024.jpeg 938w, https:\/\/jsptoledo.org\/wp-content\/uploads\/2024\/01\/Fran-Pantoja-768x838.jpeg 768w, https:\/\/jsptoledo.org\/wp-content\/uploads\/2024\/01\/Fran-Pantoja-1407x1536.jpeg 1407w, https:\/\/jsptoledo.org\/wp-content\/uploads\/2024\/01\/Fran-Pantoja-1876x2048.jpeg 1876w\" sizes=\"(max-width: 1922px) 100vw, 1922px\" \/><\/figure><div class=\"elementor-image-box-content\"><h6 class=\"elementor-image-box-title\">Fran Pantoja<\/h6><p class=\"elementor-image-box-description\">Secretario de Formaci\u00f3n, Ideas y Programas<\/p><\/div><\/div>\t\t\t\t<\/div>\n\t\t\t\t<\/div>\n\t\t\t\t<\/div>\n\t\t<div class=\"elementor-element elementor-element-472b36f e-con-full e-flex e-con e-child\" data-id=\"472b36f\" data-element_type=\"container\" data-e-type=\"container\">\n\t\t\t\t<div class=\"elementor-element elementor-element-e4a2da7 elementor-position-top elementor-widget elementor-widget-image-box\" data-id=\"e4a2da7\" data-element_type=\"widget\" data-e-type=\"widget\" data-widget_type=\"image-box.default\">\n\t\t\t\t<div class=\"elementor-widget-container\">\n\t\t\t\t\t<div class=\"elementor-image-box-wrapper\"><figure class=\"elementor-image-box-img\"><img loading=\"lazy\" decoding=\"async\" width=\"1080\" height=\"1080\" src=\"https:\/\/jsptoledo.org\/wp-content\/uploads\/2025\/08\/1.png\" class=\"attachment-full size-full wp-image-1050\" alt=\"\" srcset=\"https:\/\/jsptoledo.org\/wp-content\/uploads\/2025\/08\/1.png 1080w, https:\/\/jsptoledo.org\/wp-content\/uploads\/2025\/08\/1-300x300.png 300w, https:\/\/jsptoledo.org\/wp-content\/uploads\/2025\/08\/1-1024x1024.png 1024w, https:\/\/jsptoledo.org\/wp-content\/uploads\/2025\/08\/1-150x150.png 150w, https:\/\/jsptoledo.org\/wp-content\/uploads\/2025\/08\/1-768x768.png 768w\" sizes=\"(max-width: 1080px) 100vw, 1080px\" \/><\/figure><div class=\"elementor-image-box-content\"><h6 class=\"elementor-image-box-title\">Irene Carmena<\/h6><p class=\"elementor-image-box-description\">Secretario de Comunicaci\u00f3n, Vivienda y Trabajo<\/p><\/div><\/div>\t\t\t\t<\/div>\n\t\t\t\t<\/div>\n\t\t\t\t<\/div>\n\t\t<div class=\"elementor-element elementor-element-95df806 e-con-full e-flex e-con e-child\" data-id=\"95df806\" data-element_type=\"container\" data-e-type=\"container\">\n\t\t\t\t<div class=\"elementor-element elementor-element-9e90ccd elementor-position-top elementor-widget elementor-widget-image-box\" data-id=\"9e90ccd\" data-element_type=\"widget\" data-e-type=\"widget\" data-widget_type=\"image-box.default\">\n\t\t\t\t<div class=\"elementor-widget-container\">\n\t\t\t\t\t<div class=\"elementor-image-box-wrapper\"><figure class=\"elementor-image-box-img\"><img loading=\"lazy\" decoding=\"async\" width=\"707\" height=\"752\" src=\"https:\/\/jsptoledo.org\/wp-content\/uploads\/2024\/01\/Alvaro-Martin.jpeg\" class=\"attachment-full size-full wp-image-320\" alt=\"\" srcset=\"https:\/\/jsptoledo.org\/wp-content\/uploads\/2024\/01\/Alvaro-Martin.jpeg 707w, https:\/\/jsptoledo.org\/wp-content\/uploads\/2024\/01\/Alvaro-Martin-282x300.jpeg 282w\" sizes=\"(max-width: 707px) 100vw, 707px\" \/><\/figure><div class=\"elementor-image-box-content\"><h6 class=\"elementor-image-box-title\">\u00c1lvaro Mart\u00edn<\/h6><p class=\"elementor-image-box-description\">Secretario de Movimientos Sociales y Acci\u00f3n Reivindicativa<\/p><\/div><\/div>\t\t\t\t<\/div>\n\t\t\t\t<\/div>\n\t\t\t\t<\/div>\n\t\t\t\t\t<\/div>\n\t\t\t\t<\/div>\n\t\t<div class=\"elementor-element elementor-element-fe8f0b4 e-flex e-con-boxed e-con e-parent\" data-id=\"fe8f0b4\" data-element_type=\"container\" data-e-type=\"container\">\n\t\t\t\t\t<div class=\"e-con-inner\">\n\t\t<div class=\"elementor-element elementor-element-e2589d6 e-con-full e-flex e-con e-child\" data-id=\"e2589d6\" data-element_type=\"container\" data-e-type=\"container\">\n\t\t\t\t<div class=\"elementor-element elementor-element-13ce501 elementor-position-top elementor-widget elementor-widget-image-box\" data-id=\"13ce501\" data-element_type=\"widget\" data-e-type=\"widget\" data-widget_type=\"image-box.default\">\n\t\t\t\t<div class=\"elementor-widget-container\">\n\t\t\t\t\t<div class=\"elementor-image-box-wrapper\"><figure class=\"elementor-image-box-img\"><img loading=\"lazy\" decoding=\"async\" width=\"350\" height=\"375\" src=\"https:\/\/jsptoledo.org\/wp-content\/uploads\/2024\/01\/Daniel-Gutierrez.jpeg\" class=\"attachment-full size-full wp-image-323\" alt=\"\" srcset=\"https:\/\/jsptoledo.org\/wp-content\/uploads\/2024\/01\/Daniel-Gutierrez.jpeg 350w, https:\/\/jsptoledo.org\/wp-content\/uploads\/2024\/01\/Daniel-Gutierrez-280x300.jpeg 280w\" sizes=\"(max-width: 350px) 100vw, 350px\" \/><\/figure><div class=\"elementor-image-box-content\"><h6 class=\"elementor-image-box-title\">Daniel Guti\u00e9rrez<\/h6><p class=\"elementor-image-box-description\">Secretario de Acci\u00f3n Electoral<\/p><\/div><\/div>\t\t\t\t<\/div>\n\t\t\t\t<\/div>\n\t\t\t\t<\/div>\n\t\t<div class=\"elementor-element elementor-element-c55b146 e-con-full e-flex e-con e-child\" data-id=\"c55b146\" data-element_type=\"container\" data-e-type=\"container\">\n\t\t\t\t<div class=\"elementor-element elementor-element-45bf272 elementor-widget__width-initial elementor-position-top elementor-widget elementor-widget-image-box\" data-id=\"45bf272\" data-element_type=\"widget\" data-e-type=\"widget\" data-widget_type=\"image-box.default\">\n\t\t\t\t<div class=\"elementor-widget-container\">\n\t\t\t\t\t<div class=\"elementor-image-box-wrapper\"><figure class=\"elementor-image-box-img\"><img loading=\"lazy\" decoding=\"async\" width=\"1080\" height=\"1080\" src=\"https:\/\/jsptoledo.org\/wp-content\/uploads\/2025\/08\/2.png\" class=\"attachment-full size-full wp-image-1051\" alt=\"\" srcset=\"https:\/\/jsptoledo.org\/wp-content\/uploads\/2025\/08\/2.png 1080w, https:\/\/jsptoledo.org\/wp-content\/uploads\/2025\/08\/2-300x300.png 300w, https:\/\/jsptoledo.org\/wp-content\/uploads\/2025\/08\/2-1024x1024.png 1024w, https:\/\/jsptoledo.org\/wp-content\/uploads\/2025\/08\/2-150x150.png 150w, https:\/\/jsptoledo.org\/wp-content\/uploads\/2025\/08\/2-768x768.png 768w\" sizes=\"(max-width: 1080px) 100vw, 1080px\" \/><\/figure><div class=\"elementor-image-box-content\"><h6 class=\"elementor-image-box-title\">Mario Gal\u00e1n<\/h6><p class=\"elementor-image-box-description\">Secretario de Econom\u00eda y Desarrollo Sostenible<\/p><\/div><\/div>\t\t\t\t<\/div>\n\t\t\t\t<\/div>\n\t\t\t\t<\/div>\n\t\t<div class=\"elementor-element elementor-element-0c19351 e-con-full e-flex e-con e-child\" data-id=\"0c19351\" data-element_type=\"container\" data-e-type=\"container\">\n\t\t\t\t<div class=\"elementor-element elementor-element-963ba5b elementor-position-top elementor-widget elementor-widget-image-box\" data-id=\"963ba5b\" data-element_type=\"widget\" data-e-type=\"widget\" data-widget_type=\"image-box.default\">\n\t\t\t\t<div class=\"elementor-widget-container\">\n\t\t\t\t\t<div class=\"elementor-image-box-wrapper\"><figure class=\"elementor-image-box-img\"><img loading=\"lazy\" decoding=\"async\" width=\"764\" height=\"836\" src=\"https:\/\/jsptoledo.org\/wp-content\/uploads\/2024\/01\/Juan-Ortega.jpeg\" class=\"attachment-full size-full wp-image-329\" alt=\"\" srcset=\"https:\/\/jsptoledo.org\/wp-content\/uploads\/2024\/01\/Juan-Ortega.jpeg 764w, https:\/\/jsptoledo.org\/wp-content\/uploads\/2024\/01\/Juan-Ortega-274x300.jpeg 274w\" sizes=\"(max-width: 764px) 100vw, 764px\" \/><\/figure><div class=\"elementor-image-box-content\"><h6 class=\"elementor-image-box-title\">Juan Ortega<\/h6><p class=\"elementor-image-box-description\">Secretario de Educaci\u00f3n, Formaci\u00f3n Profesional y Universidad<\/p><\/div><\/div>\t\t\t\t<\/div>\n\t\t\t\t<\/div>\n\t\t\t\t<\/div>\n\t\t<div class=\"elementor-element elementor-element-fe0558c e-con-full e-flex e-con e-child\" data-id=\"fe0558c\" data-element_type=\"container\" data-e-type=\"container\">\n\t\t\t\t<div class=\"elementor-element elementor-element-b83be1a elementor-position-top elementor-widget elementor-widget-image-box\" data-id=\"b83be1a\" data-element_type=\"widget\" data-e-type=\"widget\" data-widget_type=\"image-box.default\">\n\t\t\t\t<div class=\"elementor-widget-container\">\n\t\t\t\t\t<div class=\"elementor-image-box-wrapper\"><figure class=\"elementor-image-box-img\"><img loading=\"lazy\" decoding=\"async\" width=\"917\" height=\"1017\" src=\"https:\/\/jsptoledo.org\/wp-content\/uploads\/2024\/01\/Lucia-Palomera.jpeg\" class=\"attachment-full size-full wp-image-331\" alt=\"\" srcset=\"https:\/\/jsptoledo.org\/wp-content\/uploads\/2024\/01\/Lucia-Palomera.jpeg 917w, https:\/\/jsptoledo.org\/wp-content\/uploads\/2024\/01\/Lucia-Palomera-271x300.jpeg 271w, https:\/\/jsptoledo.org\/wp-content\/uploads\/2024\/01\/Lucia-Palomera-768x852.jpeg 768w\" sizes=\"(max-width: 917px) 100vw, 917px\" \/><\/figure><div class=\"elementor-image-box-content\"><h6 class=\"elementor-image-box-title\">Luc\u00eda Palomera<\/h6><p class=\"elementor-image-box-description\">Secretaria de Infraestructuras, Movilidad y Desarrollo Urbano<\/p><\/div><\/div>\t\t\t\t<\/div>\n\t\t\t\t<\/div>\n\t\t\t\t<\/div>\n\t\t\t\t\t<\/div>\n\t\t\t\t<\/div>\n\t\t<div class=\"elementor-element elementor-element-782c077 e-flex e-con-boxed e-con e-parent\" data-id=\"782c077\" data-element_type=\"container\" data-e-type=\"container\">\n\t\t\t\t\t<div class=\"e-con-inner\">\n\t\t<div class=\"elementor-element elementor-element-091363c e-con-full e-flex e-con e-child\" data-id=\"091363c\" data-element_type=\"container\" data-e-type=\"container\">\n\t\t\t\t<div class=\"elementor-element elementor-element-daec655 elementor-position-top elementor-widget elementor-widget-image-box\" data-id=\"daec655\" data-element_type=\"widget\" data-e-type=\"widget\" data-widget_type=\"image-box.default\">\n\t\t\t\t<div class=\"elementor-widget-container\">\n\t\t\t\t\t<div class=\"elementor-image-box-wrapper\"><figure class=\"elementor-image-box-img\"><img loading=\"lazy\" decoding=\"async\" width=\"346\" height=\"380\" src=\"https:\/\/jsptoledo.org\/wp-content\/uploads\/2025\/08\/Cristina-Encinas.jpeg\" class=\"attachment-full size-full wp-image-1052\" alt=\"\" srcset=\"https:\/\/jsptoledo.org\/wp-content\/uploads\/2025\/08\/Cristina-Encinas.jpeg 346w, https:\/\/jsptoledo.org\/wp-content\/uploads\/2025\/08\/Cristina-Encinas-273x300.jpeg 273w\" sizes=\"(max-width: 346px) 100vw, 346px\" \/><\/figure><div class=\"elementor-image-box-content\"><h6 class=\"elementor-image-box-title\">Cristina Encinas<\/h6><p class=\"elementor-image-box-description\">Secretaria de Estado del Bienestar, <br>Despoblaci\u00f3n y Transici\u00f3n Ecol\u00f3gica<\/p><\/div><\/div>\t\t\t\t<\/div>\n\t\t\t\t<\/div>\n\t\t\t\t<\/div>\n\t\t\t\t\t<\/div>\n\t\t\t\t<\/div>\n\t\t<div class=\"elementor-element elementor-element-ab1201a e-flex e-con-boxed e-con e-parent\" data-id=\"ab1201a\" data-element_type=\"container\" data-e-type=\"container\">\n\t\t\t\t\t<div class=\"e-con-inner\">\n\t\t\t\t<div class=\"elementor-element elementor-element-dd98f8a elementor-widget elementor-widget-spacer\" data-id=\"dd98f8a\" data-element_type=\"widget\" data-e-type=\"widget\" data-widget_type=\"spacer.default\">\n\t\t\t\t<div class=\"elementor-widget-container\">\n\t\t\t\t\t\t\t<div class=\"elementor-spacer\">\n\t\t\t<div class=\"elementor-spacer-inner\"><\/div>\n\t\t<\/div>\n\t\t\t\t\t\t<\/div>\n\t\t\t\t<\/div>\n\t\t\t\t\t<\/div>\n\t\t\t\t<\/div>\n\t\t\t\t<\/div>\n\t\t","protected":false},"excerpt":{"rendered":"<p>Nacho Hern\u00e1ndez Secretario General Estefan\u00eda G\u00f3mez de la Torre Secretaria de Organizaci\u00f3n y Coordinaci\u00f3n Territorial David Figueras Vicesecretario de Organizaci\u00f3n [&hellip;]<\/p>\n","protected":false},"author":1,"featured_media":0,"parent":0,"menu_order":0,"comment_status":"closed","ping_status":"closed","template":"","meta":{"_seopress_robots_primary_cat":"","_seopress_titles_title":"","_seopress_titles_desc":"","_seopress_robots_index":"","site-sidebar-layout":"no-sidebar","site-content-layout":"","ast-site-content-layout":"full-width-container","site-content-style":"default","site-sidebar-style":"default","ast-global-header-display":"","ast-banner-title-visibility":"","ast-main-header-display":"","ast-hfb-above-header-display":"","ast-hfb-below-header-display":"","ast-hfb-mobile-header-display":"","site-post-title":"disabled","ast-breadcrumbs-content":"","ast-featured-img":"disabled","footer-sml-layout":"","ast-disable-related-posts":"","theme-transparent-header-meta":"","adv-header-id-meta":"","stick-header-meta":"","header-above-stick-meta":"","header-main-stick-meta":"","header-below-stick-meta":"","astra-migrate-meta-layouts":"default","ast-page-background-enabled":"default","ast-page-background-meta":{"desktop":{"background-color":"var(--ast-global-color-4)","background-image":"","background-repeat":"repeat","background-position":"center center","background-size":"auto","background-attachment":"scroll","background-type":"","background-media":"","overlay-type":"","overlay-color":"","overlay-opacity":"","overlay-gradient":""},"tablet":{"background-color":"","background-image":"","background-repeat":"repeat","background-position":"center center","background-size":"auto","background-attachment":"scroll","background-type":"","background-media":"","overlay-type":"","overlay-color":"","overlay-opacity":"","overlay-gradient":""},"mobile":{"background-color":"","background-image":"","background-repeat":"repeat","background-position":"center center","background-size":"auto","background-attachment":"scroll","background-type":"","background-media":"","overlay-type":"","overlay-color":"","overlay-opacity":"","overlay-gradient":""}},"ast-content-background-meta":{"desktop":{"background-color":"var(--ast-global-color-5)","background-image":"","background-repeat":"repeat","background-position":"center center","background-size":"auto","background-attachment":"scroll","background-type":"","background-media":"","overlay-type":"","overlay-color":"","overlay-opacity":"","overlay-gradient":""},"tablet":{"background-color":"var(--ast-global-color-5)","background-image":"","background-repeat":"repeat","background-position":"center center","background-size":"auto","background-attachment":"scroll","background-type":"","background-media":"","overlay-type":"","overlay-color":"","overlay-opacity":"","overlay-gradient":""},"mobile":{"background-color":"var(--ast-global-color-5)","background-image":"","background-repeat":"repeat","background-position":"center center","background-size":"auto","background-attachment":"scroll","background-type":"","background-media":"","overlay-type":"","overlay-color":"","overlay-opacity":"","overlay-gradient":""}},"footnotes":""},"class_list":["post-283","page","type-page","status-publish","hentry"],"_links":{"self":[{"href":"https:\/\/jsptoledo.org\/index.php\/wp-json\/wp\/v2\/pages\/283","targetHints":{"allow":["GET"]}}],"collection":[{"href":"https:\/\/jsptoledo.org\/index.php\/wp-json\/wp\/v2\/pages"}],"about":[{"href":"https:\/\/jsptoledo.org\/index.php\/wp-json\/wp\/v2\/types\/page"}],"author":[{"embeddable":true,"href":"https:\/\/jsptoledo.org\/index.php\/wp-json\/wp\/v2\/users\/1"}],"replies":[{"embeddable":true,"href":"https:\/\/jsptoledo.org\/index.php\/wp-json\/wp\/v2\/comments?post=283"}],"version-history":[{"count":79,"href":"https:\/\/jsptoledo.org\/index.php\/wp-json\/wp\/v2\/pages\/283\/revisions"}],"predecessor-version":[{"id":1181,"href":"https:\/\/jsptoledo.org\/index.php\/wp-json\/wp\/v2\/pages\/283\/revisions\/1181"}],"wp:attachment":[{"href":"https:\/\/jsptoledo.org\/index.php\/wp-json\/wp\/v2\/media?parent=283"}],"curies":[{"name":"wp","href":"https:\/\/api.w.org\/{rel}","templated":true}]}}