{"id":536,"date":"2024-04-22T14:55:39","date_gmt":"2024-04-22T12:55:39","guid":{"rendered":"https:\/\/jsptoledo.org\/?page_id=536"},"modified":"2024-04-23T01:18:54","modified_gmt":"2024-04-22T23:18:54","slug":"estructura","status":"publish","type":"page","link":"https:\/\/jsptoledo.org\/index.php\/estructura\/","title":{"rendered":"Estructura"},"content":{"rendered":"\t\t<div data-elementor-type=\"wp-page\" data-elementor-id=\"536\" class=\"elementor elementor-536\" data-elementor-post-type=\"page\">\n\t\t\t\t<div class=\"elementor-element elementor-element-5164946 e-flex e-con-boxed e-con e-parent\" data-id=\"5164946\" data-element_type=\"container\" data-e-type=\"container\">\n\t\t\t\t\t<div class=\"e-con-inner\">\n\t\t\t\t<div class=\"elementor-element elementor-element-7218792 elementor-widget elementor-widget-spacer\" data-id=\"7218792\" data-element_type=\"widget\" data-e-type=\"widget\" data-widget_type=\"spacer.default\">\n\t\t\t\t<div class=\"elementor-widget-container\">\n\t\t\t\t\t\t\t<div class=\"elementor-spacer\">\n\t\t\t<div class=\"elementor-spacer-inner\"><\/div>\n\t\t<\/div>\n\t\t\t\t\t\t<\/div>\n\t\t\t\t<\/div>\n\t\t\t\t<div class=\"elementor-element elementor-element-f12e458 elementor-widget elementor-widget-heading\" data-id=\"f12e458\" data-element_type=\"widget\" data-e-type=\"widget\" data-widget_type=\"heading.default\">\n\t\t\t\t<div class=\"elementor-widget-container\">\n\t\t\t\t\t<h2 class=\"elementor-heading-title elementor-size-default\">Estructura<\/h2>\t\t\t\t<\/div>\n\t\t\t\t<\/div>\n\t\t\t\t\t<\/div>\n\t\t\t\t<\/div>\n\t\t<div class=\"elementor-element elementor-element-af9ab54 e-flex e-con-boxed e-con e-parent\" data-id=\"af9ab54\" data-element_type=\"container\" data-e-type=\"container\">\n\t\t\t\t\t<div class=\"e-con-inner\">\n\t\t\t\t<div class=\"elementor-element elementor-element-f87bcb8 elementor-widget elementor-widget-text-editor\" data-id=\"f87bcb8\" data-element_type=\"widget\" data-e-type=\"widget\" data-widget_type=\"text-editor.default\">\n\t\t\t\t<div class=\"elementor-widget-container\">\n\t\t\t\t\t\t\t\t\t<p>El nivel m\u00e1s b\u00e1sico de la estructura organizativa de Juventudes Socialistas de Provincia de Toledo es la Agrupaci\u00f3n Local, la entidad que se corresponde con el nivel m\u00e1s b\u00e1sico y en ella se encuadra la militancia ya que todo afiliado debe pertenecer a alguna agrupaci\u00f3n. Sus \u00f3rganos son:<\/p><p>\u2013 <span style=\"text-decoration: underline;\"><strong>La Asamblea Local:<\/strong><\/span> compuesta por el conjunto de la militancia de la Agrupaci\u00f3n.<\/p><p>\u2013 <span style=\"text-decoration: underline;\"><strong>La Comisi\u00f3n Ejecutiva Local:<\/strong> <\/span>\u00f3rgano ejecutivo de la Agrupaci\u00f3n, aplica la pol\u00edtica definida por la Asamblea Local, por la que es elegida y ante la que responde de su gesti\u00f3n en asambleas ordinarias, convocadas a este fin, al menos una vez al a\u00f1o.<\/p><p>En un rango superior estar\u00edan las Agrupaciones Provinciales, entidades que agrupan al conjunto de agrupaciones locales de una provincia. Las Juventudes Socialistas de la Provincia de Toledo es una agrupaci\u00f3n provincial, integrada en las Juventudes Socialistas de Castilla-La Mancha, Sus \u00f3rganos son los siguientes:<\/p><p>&#8211; <span style=\"text-decoration: underline;\"><strong>La Comisi\u00f3n Ejecutiva Provincial:<\/strong><\/span> \u00f3rgano ejecutivo a nivel provincial que aplica la pol\u00edtica definida por sus miembros (Secretario General y resto de secretar\u00edas). Responde ante el Comit\u00e9 Provincial de su gesti\u00f3n en asambleas ordinarias, convocadas a este fin, al menos una vez al a\u00f1o.<\/p><p>&#8211; <span style=\"text-decoration: underline;\"><strong>El Comit\u00e9 Provincial:<\/strong><\/span> Representaci\u00f3n de la militancia de la provincia a trav\u00e9s de delegados de las agrupaciones locales, regulado por una mesa conformada por una Presidencia y 2 vocal\u00edas, como m\u00ednimo.<\/p>\t\t\t\t\t\t\t\t<\/div>\n\t\t\t\t<\/div>\n\t\t\t\t\t<\/div>\n\t\t\t\t<\/div>\n\t\t<div class=\"elementor-element elementor-element-12a70f5 e-con-full e-flex e-con e-parent\" data-id=\"12a70f5\" data-element_type=\"container\" data-e-type=\"container\">\n\t\t\t\t<div class=\"elementor-element elementor-element-6fd6623 elementor-widget elementor-widget-image\" data-id=\"6fd6623\" data-element_type=\"widget\" data-e-type=\"widget\" data-widget_type=\"image.default\">\n\t\t\t\t<div class=\"elementor-widget-container\">\n\t\t\t\t\t\t\t\t\t\t\t\t\t\t\t<img fetchpriority=\"high\" decoding=\"async\" width=\"724\" height=\"1024\" src=\"https:\/\/jsptoledo.org\/wp-content\/uploads\/2024\/04\/estructura-jse-724x1024.png\" class=\"attachment-large size-large wp-image-540\" alt=\"\" srcset=\"https:\/\/jsptoledo.org\/wp-content\/uploads\/2024\/04\/estructura-jse-724x1024.png 724w, https:\/\/jsptoledo.org\/wp-content\/uploads\/2024\/04\/estructura-jse-212x300.png 212w, https:\/\/jsptoledo.org\/wp-content\/uploads\/2024\/04\/estructura-jse-768x1086.png 768w, https:\/\/jsptoledo.org\/wp-content\/uploads\/2024\/04\/estructura-jse.png 850w\" sizes=\"(max-width: 724px) 100vw, 724px\" \/>\t\t\t\t\t\t\t\t\t\t\t\t\t\t\t<\/div>\n\t\t\t\t<\/div>\n\t\t\t\t<\/div>\n\t\t<div class=\"elementor-element elementor-element-9823471 e-flex e-con-boxed e-con e-parent\" data-id=\"9823471\" data-element_type=\"container\" data-e-type=\"container\">\n\t\t\t\t\t<div class=\"e-con-inner\">\n\t\t\t\t<div class=\"elementor-element elementor-element-63b7fca elementor-widget elementor-widget-spacer\" data-id=\"63b7fca\" data-element_type=\"widget\" data-e-type=\"widget\" data-widget_type=\"spacer.default\">\n\t\t\t\t<div class=\"elementor-widget-container\">\n\t\t\t\t\t\t\t<div class=\"elementor-spacer\">\n\t\t\t<div class=\"elementor-spacer-inner\"><\/div>\n\t\t<\/div>\n\t\t\t\t\t\t<\/div>\n\t\t\t\t<\/div>\n\t\t\t\t\t<\/div>\n\t\t\t\t<\/div>\n\t\t\t\t<\/div>\n\t\t","protected":false},"excerpt":{"rendered":"<p>Estructura El nivel m\u00e1s b\u00e1sico de la estructura organizativa de Juventudes Socialistas de Provincia de Toledo es la Agrupaci\u00f3n Local, [&hellip;]<\/p>\n","protected":false},"author":1,"featured_media":0,"parent":0,"menu_order":0,"comment_status":"closed","ping_status":"closed","template":"","meta":{"_seopress_robots_primary_cat":"","_seopress_titles_title":"","_seopress_titles_desc":"","_seopress_robots_index":"","site-sidebar-layout":"no-sidebar","site-content-layout":"","ast-site-content-layout":"full-width-container","site-content-style":"default","site-sidebar-style":"default","ast-global-header-display":"","ast-banner-title-visibility":"","ast-main-header-display":"","ast-hfb-above-header-display":"","ast-hfb-below-header-display":"","ast-hfb-mobile-header-display":"","site-post-title":"disabled","ast-breadcrumbs-content":"","ast-featured-img":"disabled","footer-sml-layout":"","ast-disable-related-posts":"","theme-transparent-header-meta":"","adv-header-id-meta":"","stick-header-meta":"","header-above-stick-meta":"","header-main-stick-meta":"","header-below-stick-meta":"","astra-migrate-meta-layouts":"default","ast-page-background-enabled":"default","ast-page-background-meta":{"desktop":{"background-color":"var(--ast-global-color-4)","background-image":"","background-repeat":"repeat","background-position":"center center","background-size":"auto","background-attachment":"scroll","background-type":"","background-media":"","overlay-type":"","overlay-color":"","overlay-opacity":"","overlay-gradient":""},"tablet":{"background-color":"","background-image":"","background-repeat":"repeat","background-position":"center center","background-size":"auto","background-attachment":"scroll","background-type":"","background-media":"","overlay-type":"","overlay-color":"","overlay-opacity":"","overlay-gradient":""},"mobile":{"background-color":"","background-image":"","background-repeat":"repeat","background-position":"center center","background-size":"auto","background-attachment":"scroll","background-type":"","background-media":"","overlay-type":"","overlay-color":"","overlay-opacity":"","overlay-gradient":""}},"ast-content-background-meta":{"desktop":{"background-color":"var(--ast-global-color-5)","background-image":"","background-repeat":"repeat","background-position":"center center","background-size":"auto","background-attachment":"scroll","background-type":"","background-media":"","overlay-type":"","overlay-color":"","overlay-opacity":"","overlay-gradient":""},"tablet":{"background-color":"var(--ast-global-color-5)","background-image":"","background-repeat":"repeat","background-position":"center center","background-size":"auto","background-attachment":"scroll","background-type":"","background-media":"","overlay-type":"","overlay-color":"","overlay-opacity":"","overlay-gradient":""},"mobile":{"background-color":"var(--ast-global-color-5)","background-image":"","background-repeat":"repeat","background-position":"center center","background-size":"auto","background-attachment":"scroll","background-type":"","background-media":"","overlay-type":"","overlay-color":"","overlay-opacity":"","overlay-gradient":""}},"footnotes":""},"class_list":["post-536","page","type-page","status-publish","hentry"],"_links":{"self":[{"href":"https:\/\/jsptoledo.org\/index.php\/wp-json\/wp\/v2\/pages\/536","targetHints":{"allow":["GET"]}}],"collection":[{"href":"https:\/\/jsptoledo.org\/index.php\/wp-json\/wp\/v2\/pages"}],"about":[{"href":"https:\/\/jsptoledo.org\/index.php\/wp-json\/wp\/v2\/types\/page"}],"author":[{"embeddable":true,"href":"https:\/\/jsptoledo.org\/index.php\/wp-json\/wp\/v2\/users\/1"}],"replies":[{"embeddable":true,"href":"https:\/\/jsptoledo.org\/index.php\/wp-json\/wp\/v2\/comments?post=536"}],"version-history":[{"count":10,"href":"https:\/\/jsptoledo.org\/index.php\/wp-json\/wp\/v2\/pages\/536\/revisions"}],"predecessor-version":[{"id":842,"href":"https:\/\/jsptoledo.org\/index.php\/wp-json\/wp\/v2\/pages\/536\/revisions\/842"}],"wp:attachment":[{"href":"https:\/\/jsptoledo.org\/index.php\/wp-json\/wp\/v2\/media?parent=536"}],"curies":[{"name":"wp","href":"https:\/\/api.w.org\/{rel}","templated":true}]}}