{"id":544,"date":"2024-04-22T15:00:14","date_gmt":"2024-04-22T13:00:14","guid":{"rendered":"https:\/\/jsptoledo.org\/?page_id=544"},"modified":"2024-04-23T01:18:31","modified_gmt":"2024-04-22T23:18:31","slug":"historia","status":"publish","type":"page","link":"https:\/\/jsptoledo.org\/index.php\/historia\/","title":{"rendered":"Historia"},"content":{"rendered":"\t\t<div data-elementor-type=\"wp-page\" data-elementor-id=\"544\" class=\"elementor elementor-544\" data-elementor-post-type=\"page\">\n\t\t\t\t<div class=\"elementor-element elementor-element-270f694 e-flex e-con-boxed e-con e-parent\" data-id=\"270f694\" data-element_type=\"container\" data-e-type=\"container\">\n\t\t\t\t\t<div class=\"e-con-inner\">\n\t\t\t\t<div class=\"elementor-element elementor-element-98e7017 elementor-widget elementor-widget-spacer\" data-id=\"98e7017\" data-element_type=\"widget\" data-e-type=\"widget\" data-widget_type=\"spacer.default\">\n\t\t\t\t<div class=\"elementor-widget-container\">\n\t\t\t\t\t\t\t<div class=\"elementor-spacer\">\n\t\t\t<div class=\"elementor-spacer-inner\"><\/div>\n\t\t<\/div>\n\t\t\t\t\t\t<\/div>\n\t\t\t\t<\/div>\n\t\t\t\t<div class=\"elementor-element elementor-element-5ea789b elementor-widget elementor-widget-heading\" data-id=\"5ea789b\" data-element_type=\"widget\" data-e-type=\"widget\" data-widget_type=\"heading.default\">\n\t\t\t\t<div class=\"elementor-widget-container\">\n\t\t\t\t\t<h2 class=\"elementor-heading-title elementor-size-default\">Historia<\/h2>\t\t\t\t<\/div>\n\t\t\t\t<\/div>\n\t\t\t\t\t<\/div>\n\t\t\t\t<\/div>\n\t\t<div class=\"elementor-element elementor-element-f0a4a2d e-flex e-con-boxed e-con e-parent\" data-id=\"f0a4a2d\" data-element_type=\"container\" data-e-type=\"container\">\n\t\t\t\t\t<div class=\"e-con-inner\">\n\t\t\t\t<div class=\"elementor-element elementor-element-943ce53 elementor-widget elementor-widget-text-editor\" data-id=\"943ce53\" data-element_type=\"widget\" data-e-type=\"widget\" data-widget_type=\"text-editor.default\">\n\t\t\t\t<div class=\"elementor-widget-container\">\n\t\t\t\t\t\t\t\t\t<p class=\"elementor-heading-title elementor-size-default\">La primera agrupaci\u00f3n de Juventudes Socialistas se cre\u00f3 el 27 de septiembre de 1903 en Erandio, Bilbao, apenas 10 d\u00edas despu\u00e9s de que\u00a0<b>Tom\u00e1s Meabe<\/b>, fundador de la organizaci\u00f3n, escribiera en el peri\u00f3dico \u201c<i>La lucha de clases<\/i>\u201d un editorial titulado \u201c<i>Derroteros<\/i>\u201d, en el que hablaba sobre la necesidad de crear una organizaci\u00f3n de j\u00f3venes inspirada en las J\u00f3venes Guardias Socialistas de B\u00e9lgica, primera organizaci\u00f3n socialista juvenil.<br \/><br \/>La creaci\u00f3n de agrupaciones por todo el norte fue inmediata, especialmente en las zonas mineras o industrializadas, en las grandes ciudades, y en las capitales neur\u00e1lgicas del movimiento obrero. Pero el nacimiento de Juventudes Socialistas de Espa\u00f1a, tal y como hoy la conocemos, tuvo lugar con la celebraci\u00f3n en Bilbao, del 14 al 16 de abril de 1906, de un congreso en el que se aprob\u00f3 la constituci\u00f3n de la\u00a0<b>Federaci\u00f3n Nacional de Juventudes Socialistas Espa\u00f1olas<\/b>.<br \/><br \/>En 1908 se celebr\u00f3 el II Congreso Federal, que sirvi\u00f3 para sentar las bases ideol\u00f3gicas de la organizaci\u00f3n. As\u00ed, adem\u00e1s del antimilitarismo, que inspir\u00f3 la creaci\u00f3n de la organizaci\u00f3n, se aprueban resoluciones que muestran la preocupaci\u00f3n por la educaci\u00f3n y la formaci\u00f3n, o un incipiente feminismo, que lleva a admitir la creaci\u00f3n de grupos femeninos dentro de las Juventudes Socialistas.<br \/><br \/>Entre 1908 y 1919 se produce un espectacular crecimiento de la organizaci\u00f3n, y se crean agrupaciones a lo largo de toda la geograf\u00eda espa\u00f1ola, pero la constituci\u00f3n en 1919 de la III Internacional, y la definici\u00f3n pol\u00edtica de Juventudes Socialistas a favor de \u00e9sta, frente al PSOE, que en congreso extraordinario decidi\u00f3 mantenerse en la II Internacional, marca una ruptura que cristaliz\u00f3 en 1921, cuando un Congreso extraordinario decidi\u00f3, con una exigua diferencia, integrar la organizaci\u00f3n en el reci\u00e9n creado Partido Comunista Obrero Espa\u00f1ol, para construir la\u00a0<b>Federaci\u00f3n de Juventudes Comunistas<\/b>.<br \/><br \/>No ser\u00eda hasta 1925 cuando un grupo de j\u00f3venes decidi\u00f3 reorganizar las Juventudes Socialistas con la celebraci\u00f3n del\u00a0<b>I Congreso Nacional de JSE<\/b>, denominado como el de la refundaci\u00f3n, que tambi\u00e9n decidi\u00f3 la reincorporaci\u00f3n al PSOE. Comenz\u00f3 as\u00ed una nueva etapa caracterizada por el bajo perfil pol\u00edtico de las Juventudes Socialistas, muy controladas por la direcci\u00f3n del PSOE, que tem\u00eda que se repitiera lo acaecido en 1921.<br \/><br \/>El III Congreso Nacional de las JSE, celebrado en Mayo de 1929, marc\u00f3 un giro en los posicionamientos pol\u00edticos de la organizaci\u00f3n, que se atreve a esbozar un programa pol\u00edtico y reivindicativo propio, que se consolidar\u00eda en el congreso celebrado en 1932.<br \/><br \/>Con la ca\u00edda de la dictadura se abre en Espa\u00f1a un proceso revolucionario que desemboca en la proclamaci\u00f3n de la II Rep\u00fablica, el 14 de abril de 1931, que supone un espectacular crecimiento de la organizaci\u00f3n, que pasa de los 1.500 militantes en el Congreso de 1929 a 12.000 en su Congreso de febrero de 1932.<br \/><br \/>El Congreso de 1932, por otra parte, ser\u00eda la palanca de impulso definitivo a la organizaci\u00f3n. Se recoge toda una serie de resoluciones, en la pr\u00e1ctica un programa de actuaci\u00f3n reivindicativa en todos los \u00f3rdenes, junto con un an\u00e1lisis serio de la situaci\u00f3n pol\u00edtica y econ\u00f3mica. Adem\u00e1s, tambi\u00e9n se fijaron las normas para crear las milicias Socialistas (grupos que contrarrestaban los ataques medi\u00e1ticos y p\u00fablicos de la derecha, mediante la difusi\u00f3n y explicaci\u00f3n de los proyectos llevados a cabo por el Gobierno de la Republica).<br \/><br \/>El V Congreso de las Juventudes Socialistas de Espa\u00f1a se celebr\u00f3 en abril de 1934, y en \u00e9l se elige una nueva direcci\u00f3n, que propici\u00f3 la unificaci\u00f3n, en 1936, de las Juventudes Socialistas de Espa\u00f1a y la Uni\u00f3n de J\u00f3venes Comunistas de Espa\u00f1a, bajo la denominaci\u00f3n de\u00a0<b>Juventudes Socialistas Unificadas (JSU)<\/b>, y con Santiago Carrillo como Secretario General.<br \/><br \/>Pero el 14 de Marzo de 1939 j\u00f3venes socialistas de toda la Espa\u00f1a Republicana se reunieron en Madrid y decidieron reconstruir la\u00a0<b>Federaci\u00f3n Nacional de Juventudes Socialistas<\/b>, despu\u00e9s de que las Juventudes Socialistas Unificadas destituyera a todos los dirigentes contrarios a su radicalizaci\u00f3n y su paso al Partido Comunista.<br \/><br \/>Tras la guerra civil, con la mayor\u00eda de los militantes en el exilio, en prisi\u00f3n, o viviendo en la clandestinidad, hubo varios intentos de reconstituir la organizaci\u00f3n desde el exterior, pero ser\u00eda en abril de 1945 cuando se celebr\u00f3 en Toulouse un Congreso en el que se decidi\u00f3 la constituci\u00f3n de una \u00fanica Federaci\u00f3n de JSE, con sede en dicha ciudad francesa.<br \/><br \/>La reorganizaci\u00f3n en el interior fue m\u00e1s dura debido a las condiciones de persecuci\u00f3n y exterminio de todos los militantes de izquierda que no pudieron salir de Espa\u00f1a. Los primeros contactos organizativos tuvieron lugar en las c\u00e1rceles y campos de concentraci\u00f3n, y en realidad fueron j\u00f3venes socialistas los que asumieron la gran tarea de agrupar, reconstruir y mantener viva la llama de la organizaci\u00f3n socialista durante toda la etapa de la Dictadura.<br \/><br \/>A principios de los a\u00f1os 70 los militantes en el interior comienzan a tomar un protagonismo que se consolida a partir de XI Congreso, celebrado en Lisboa en 1975. El 19 de Febrero de 1977\u00a0<b>Juventudes Socialistas de Espa\u00f1a<\/b>\u00a0se convierten en una organizaci\u00f3n legal, y en septiembre de ese mismo a\u00f1o se celebra, bajo el lema \u201cHagamos Crecer el Socialismo\u201d, el XIII Congreso de las JSE, en el que se realiza un gran esfuerzo para adecuar la organizaci\u00f3n a una estrategia marcada por la realizaci\u00f3n de una pol\u00edtica espec\u00edficamente juvenil. La Carta Constitucional de la Juventud, en la que se recog\u00edan las reivindicaciones juveniles que se pretend\u00edan incorporar en la Constituci\u00f3n, que en aquel entonces se comenz\u00f3 a elaborar, supuso el referente pol\u00edtico de Juventudes Socialistas.<br \/><br \/>La victoria del PSOE en octubre de 1982, fue para los j\u00f3venes socialistas un momento de gran esperanza e ilusi\u00f3n, pero tambi\u00e9n provoc\u00f3 momentos de tensi\u00f3n en el seno de la organizaci\u00f3n, que no siempre se mostr\u00f3 de acuerdo con las decisiones tomadas desde el Gobierno.<br \/><br \/>Siguieron a\u00f1os de intensos cambios tanto en lo pol\u00edtico, como en lo social, y Juventudes Socialistas tuvo que adaptar su ideario pol\u00edtico a las nuevas necesidades sociales que iban surgiendo.<br \/><br \/>A principios de los 90, la desmovilizaci\u00f3n de la juventud, y el giro hacia la derecha experimentado por el voto joven marcaron la necesidad de plantear un cambio organizativo que sirviera para abrirse a la juventud. En el congreso de 1993 se pusieron las bases de este cambio, que se materializ\u00f3 en el celebrado en 1996, donde se establecieron nuevas formas de trabajo, presididas por la necesidad de atacar frontalmente el conservadurismo, promover las opciones de los j\u00f3venes, e implicarse directamente en el debate de la familia socialista.<br \/><br \/>Esta l\u00ednea de renovaci\u00f3n, y de mayor implicaci\u00f3n de la organizaci\u00f3n en aquellos foros en los que los j\u00f3venes estaban presentes, especialmente el CJE, se reforz\u00f3 a partir del XXI Congreso, celebrado en 2000. Este congreso, adem\u00e1s, trajo consigo un cambio en las relaciones de Juventudes Socialistas con el PSOE. Juventudes Socialistas volv\u00eda a participar en los \u00f3rganos de decisi\u00f3n del Partido con voz y voto, lo que ampliaba la capacidad de la organizaci\u00f3n para hacerse o\u00edr, y al mismo tiempo trasladar la voz de los j\u00f3venes al Partido.<br \/><br \/>De este modo se impuso un modelo de trabajo, que sigue vigente, en el que los j\u00f3venes socialistas han consolidado su papel como intermediarios entre el PSOE y los j\u00f3venes, y viceversa. Un per\u00edodo que ha estado marcado por la presencia de los j\u00f3venes socialistas en la calle, en las universidades y centros de educaci\u00f3n secundaria; por una activa participaci\u00f3n dentro del movimiento asociativo juvenil, la colaboraci\u00f3n con los movimientos sociales, y una intensa actividad pol\u00edtica, que ha permitido trasladar las inquietudes de los j\u00f3venes y sus problemas a los principales \u00e1mbitos de decisi\u00f3n del Partido, y transformarlas en compromisos, y finalmente en pol\u00edticas concretas.<\/p>\t\t\t\t\t\t\t\t<\/div>\n\t\t\t\t<\/div>\n\t\t\t\t\t<\/div>\n\t\t\t\t<\/div>\n\t\t\t\t<\/div>\n\t\t","protected":false},"excerpt":{"rendered":"<p>Historia La primera agrupaci\u00f3n de Juventudes Socialistas se cre\u00f3 el 27 de septiembre de 1903 en Erandio, Bilbao, apenas 10 [&hellip;]<\/p>\n","protected":false},"author":1,"featured_media":0,"parent":0,"menu_order":0,"comment_status":"closed","ping_status":"closed","template":"","meta":{"_seopress_robots_primary_cat":"","_seopress_titles_title":"","_seopress_titles_desc":"","_seopress_robots_index":"","site-sidebar-layout":"no-sidebar","site-content-layout":"","ast-site-content-layout":"full-width-container","site-content-style":"default","site-sidebar-style":"default","ast-global-header-display":"","ast-banner-title-visibility":"","ast-main-header-display":"","ast-hfb-above-header-display":"","ast-hfb-below-header-display":"","ast-hfb-mobile-header-display":"","site-post-title":"disabled","ast-breadcrumbs-content":"","ast-featured-img":"disabled","footer-sml-layout":"","ast-disable-related-posts":"","theme-transparent-header-meta":"","adv-header-id-meta":"","stick-header-meta":"","header-above-stick-meta":"","header-main-stick-meta":"","header-below-stick-meta":"","astra-migrate-meta-layouts":"default","ast-page-background-enabled":"default","ast-page-background-meta":{"desktop":{"background-color":"var(--ast-global-color-4)","background-image":"","background-repeat":"repeat","background-position":"center center","background-size":"auto","background-attachment":"scroll","background-type":"","background-media":"","overlay-type":"","overlay-color":"","overlay-opacity":"","overlay-gradient":""},"tablet":{"background-color":"","background-image":"","background-repeat":"repeat","background-position":"center center","background-size":"auto","background-attachment":"scroll","background-type":"","background-media":"","overlay-type":"","overlay-color":"","overlay-opacity":"","overlay-gradient":""},"mobile":{"background-color":"","background-image":"","background-repeat":"repeat","background-position":"center center","background-size":"auto","background-attachment":"scroll","background-type":"","background-media":"","overlay-type":"","overlay-color":"","overlay-opacity":"","overlay-gradient":""}},"ast-content-background-meta":{"desktop":{"background-color":"var(--ast-global-color-5)","background-image":"","background-repeat":"repeat","background-position":"center center","background-size":"auto","background-attachment":"scroll","background-type":"","background-media":"","overlay-type":"","overlay-color":"","overlay-opacity":"","overlay-gradient":""},"tablet":{"background-color":"var(--ast-global-color-5)","background-image":"","background-repeat":"repeat","background-position":"center center","background-size":"auto","background-attachment":"scroll","background-type":"","background-media":"","overlay-type":"","overlay-color":"","overlay-opacity":"","overlay-gradient":""},"mobile":{"background-color":"var(--ast-global-color-5)","background-image":"","background-repeat":"repeat","background-position":"center center","background-size":"auto","background-attachment":"scroll","background-type":"","background-media":"","overlay-type":"","overlay-color":"","overlay-opacity":"","overlay-gradient":""}},"footnotes":""},"class_list":["post-544","page","type-page","status-publish","hentry"],"_links":{"self":[{"href":"https:\/\/jsptoledo.org\/index.php\/wp-json\/wp\/v2\/pages\/544","targetHints":{"allow":["GET"]}}],"collection":[{"href":"https:\/\/jsptoledo.org\/index.php\/wp-json\/wp\/v2\/pages"}],"about":[{"href":"https:\/\/jsptoledo.org\/index.php\/wp-json\/wp\/v2\/types\/page"}],"author":[{"embeddable":true,"href":"https:\/\/jsptoledo.org\/index.php\/wp-json\/wp\/v2\/users\/1"}],"replies":[{"embeddable":true,"href":"https:\/\/jsptoledo.org\/index.php\/wp-json\/wp\/v2\/comments?post=544"}],"version-history":[{"count":10,"href":"https:\/\/jsptoledo.org\/index.php\/wp-json\/wp\/v2\/pages\/544\/revisions"}],"predecessor-version":[{"id":839,"href":"https:\/\/jsptoledo.org\/index.php\/wp-json\/wp\/v2\/pages\/544\/revisions\/839"}],"wp:attachment":[{"href":"https:\/\/jsptoledo.org\/index.php\/wp-json\/wp\/v2\/media?parent=544"}],"curies":[{"name":"wp","href":"https:\/\/api.w.org\/{rel}","templated":true}]}}