{"id":551,"date":"2024-04-22T15:03:17","date_gmt":"2024-04-22T13:03:17","guid":{"rendered":"https:\/\/jsptoledo.org\/?page_id=551"},"modified":"2024-04-23T01:18:14","modified_gmt":"2024-04-22T23:18:14","slug":"quienes-somos","status":"publish","type":"page","link":"https:\/\/jsptoledo.org\/index.php\/quienes-somos\/","title":{"rendered":"\u00bfQui\u00e9nes somos?"},"content":{"rendered":"\t\t<div data-elementor-type=\"wp-page\" data-elementor-id=\"551\" class=\"elementor elementor-551\" data-elementor-post-type=\"page\">\n\t\t\t\t<div class=\"elementor-element elementor-element-4e8ca6d e-flex e-con-boxed e-con e-parent\" data-id=\"4e8ca6d\" data-element_type=\"container\" data-e-type=\"container\">\n\t\t\t\t\t<div class=\"e-con-inner\">\n\t\t\t\t<div class=\"elementor-element elementor-element-1595ce5 elementor-widget elementor-widget-spacer\" data-id=\"1595ce5\" data-element_type=\"widget\" data-e-type=\"widget\" data-widget_type=\"spacer.default\">\n\t\t\t\t<div class=\"elementor-widget-container\">\n\t\t\t\t\t\t\t<div class=\"elementor-spacer\">\n\t\t\t<div class=\"elementor-spacer-inner\"><\/div>\n\t\t<\/div>\n\t\t\t\t\t\t<\/div>\n\t\t\t\t<\/div>\n\t\t\t\t<div class=\"elementor-element elementor-element-ccedbbd elementor-widget elementor-widget-heading\" data-id=\"ccedbbd\" data-element_type=\"widget\" data-e-type=\"widget\" data-widget_type=\"heading.default\">\n\t\t\t\t<div class=\"elementor-widget-container\">\n\t\t\t\t\t<h2 class=\"elementor-heading-title elementor-size-default\">\u00bfQui\u00e9nes somos?<\/h2>\t\t\t\t<\/div>\n\t\t\t\t<\/div>\n\t\t\t\t\t<\/div>\n\t\t\t\t<\/div>\n\t\t<div class=\"elementor-element elementor-element-e5afb52 e-flex e-con-boxed e-con e-parent\" data-id=\"e5afb52\" data-element_type=\"container\" data-e-type=\"container\">\n\t\t\t\t\t<div class=\"e-con-inner\">\n\t\t\t\t<div class=\"elementor-element elementor-element-78b5341 elementor-widget elementor-widget-text-editor\" data-id=\"78b5341\" data-element_type=\"widget\" data-e-type=\"widget\" data-widget_type=\"text-editor.default\">\n\t\t\t\t<div class=\"elementor-widget-container\">\n\t\t\t\t\t\t\t\t\t<p>Juventudes Socialistas de Espa\u00f1a (JSE) se constituye como la organizaci\u00f3n juvenil pol\u00edtica de la juventud socialista espa\u00f1ola. Nuestros s\u00edmbolos son la estrella y el pu\u00f1o, y el abanderado como s\u00edmbolo hist\u00f3rico. Se relaciona con el PSOE a trav\u00e9s de una colaboraci\u00f3n que compagina su independencia org\u00e1nica y pol\u00edtica con la necesaria coordinaci\u00f3n con las opciones estrat\u00e9gicas del PSOE, definida por sus congresos y comit\u00e9s federales, salvaguardando siempre los planteamientos emanados de nuestros propios congresos y comit\u00e9s federales.<\/p><p>Las Juventudes Socialistas somos miles de j\u00f3venes de todo el territorio espa\u00f1ol que queremos respuestas, queremos acciones, queremos hablar de la dificultad que nos supone desarrollar una emancipaci\u00f3n real, del <strong>acceso a la vivienda<\/strong>, de la <strong>precariedad laboral<\/strong>, de privilegios y de desigualdad. Y tenemos que hablar de que vivir no es sobrevivir. La juventud desea un mundo sostenible, donde el modelo productivo sea compatible con una buena vida y respetuoso con el medio ambiente. Apostando por una pol\u00edtica que invierta de forma coherente y coordinada en temas como la t<strong>ransici\u00f3n ecol\u00f3gica<\/strong>, el i<strong>mpulso territorial<\/strong> y la <strong>transformaci\u00f3n digital<\/strong>. Somos conscientes de que nuestro gran problema es un problema estructural, de carencias materiales: nos falta <strong>vivienda<\/strong>, <strong>trabajo digno<\/strong>, una <strong>formaci\u00f3n equitativa<\/strong> y una <strong>atenci\u00f3n sanitaria p\u00fablica adecuada<\/strong>. Y qu\u00e9 hay m\u00e1s material que el peligro de un planeta en el que no podamos vivir, de la brutal disrupci\u00f3n que va a significar el cambio clim\u00e1tico si no dejamos ya de contaminar. Necesitamos tambi\u00e9n seguir conquistando derechos que hacen de la vida, una vida plena, y desarrollar una econom\u00eda sostenible que no condicione el futuro del planeta y de futuras generaciones.<\/p><p>Somos una organizaci\u00f3n que considera tambi\u00e9n esencial hablar de un pa\u00eds que no deje de lado la ideolog\u00eda. Queremos un proyecto de pa\u00eds socialista que aborde las grandes transformaciones que necesita nuestra sociedad de la mano del <strong>feminismo, ecologismo republicanismo, federalismo, laicismo e internacionalismo<\/strong>, siempre bajo los principios de <strong>igualdad, libertad y justicia social<\/strong>. El objetivo de nuestra generaci\u00f3n debe ser conseguir que el Estado sea un reflejo m\u00e1s fidedigno de nuestra realidad territorial, una realidad plural a partir de las diferentes perspectivas culturales, ling\u00fc\u00edsticas, econ\u00f3micas y sociales de cada territorio.<\/p><div class=\"et_pb_module et_pb_text et_pb_text_1 et_pb_text_align_justified et_pb_bg_layout_light\"><div class=\"et_pb_text_inner\"><p>Las JSE somos una organizaci\u00f3n que llevamos como valores fundamentales la democracia interna y la igualdad como garant\u00eda absoluta de la participaci\u00f3n de la militancia; el respeto a la libertad de conciencia, de pensamiento y de expresi\u00f3n, en el seno de nuestra organizaci\u00f3n, de cada militante; el cumplimiento de las decisiones adoptadas por los \u00f3rganos competentes de JSE; la defensa de los planteamientos fundamentales que se contienen en las Resoluciones de los Congresos, Conferencias y en la unidad de acci\u00f3n de sus militantes de cara a la sociedad; la promoci\u00f3n y contribuci\u00f3n a la renovaci\u00f3n de ideas y de estructuras, la modernizaci\u00f3n del discurso y la regeneraci\u00f3n pol\u00edtica del PSOE; y la\u00a0preservaci\u00f3n en el contenido de las resoluciones de las JSE de la ideolog\u00eda socialista.<\/p><\/div><\/div>\t\t\t\t\t\t\t\t<\/div>\n\t\t\t\t<\/div>\n\t\t\t\t\t<\/div>\n\t\t\t\t<\/div>\n\t\t\t\t<\/div>\n\t\t","protected":false},"excerpt":{"rendered":"<p>\u00bfQui\u00e9nes somos? Juventudes Socialistas de Espa\u00f1a (JSE) se constituye como la organizaci\u00f3n juvenil pol\u00edtica de la juventud socialista espa\u00f1ola. Nuestros [&hellip;]<\/p>\n","protected":false},"author":1,"featured_media":0,"parent":0,"menu_order":0,"comment_status":"closed","ping_status":"closed","template":"","meta":{"_seopress_robots_primary_cat":"","_seopress_titles_title":"","_seopress_titles_desc":"","_seopress_robots_index":"","site-sidebar-layout":"no-sidebar","site-content-layout":"","ast-site-content-layout":"full-width-container","site-content-style":"default","site-sidebar-style":"default","ast-global-header-display":"","ast-banner-title-visibility":"","ast-main-header-display":"","ast-hfb-above-header-display":"","ast-hfb-below-header-display":"","ast-hfb-mobile-header-display":"","site-post-title":"disabled","ast-breadcrumbs-content":"","ast-featured-img":"disabled","footer-sml-layout":"","ast-disable-related-posts":"","theme-transparent-header-meta":"","adv-header-id-meta":"","stick-header-meta":"","header-above-stick-meta":"","header-main-stick-meta":"","header-below-stick-meta":"","astra-migrate-meta-layouts":"default","ast-page-background-enabled":"default","ast-page-background-meta":{"desktop":{"background-color":"var(--ast-global-color-4)","background-image":"","background-repeat":"repeat","background-position":"center center","background-size":"auto","background-attachment":"scroll","background-type":"","background-media":"","overlay-type":"","overlay-color":"","overlay-opacity":"","overlay-gradient":""},"tablet":{"background-color":"","background-image":"","background-repeat":"repeat","background-position":"center center","background-size":"auto","background-attachment":"scroll","background-type":"","background-media":"","overlay-type":"","overlay-color":"","overlay-opacity":"","overlay-gradient":""},"mobile":{"background-color":"","background-image":"","background-repeat":"repeat","background-position":"center center","background-size":"auto","background-attachment":"scroll","background-type":"","background-media":"","overlay-type":"","overlay-color":"","overlay-opacity":"","overlay-gradient":""}},"ast-content-background-meta":{"desktop":{"background-color":"var(--ast-global-color-5)","background-image":"","background-repeat":"repeat","background-position":"center center","background-size":"auto","background-attachment":"scroll","background-type":"","background-media":"","overlay-type":"","overlay-color":"","overlay-opacity":"","overlay-gradient":""},"tablet":{"background-color":"var(--ast-global-color-5)","background-image":"","background-repeat":"repeat","background-position":"center center","background-size":"auto","background-attachment":"scroll","background-type":"","background-media":"","overlay-type":"","overlay-color":"","overlay-opacity":"","overlay-gradient":""},"mobile":{"background-color":"var(--ast-global-color-5)","background-image":"","background-repeat":"repeat","background-position":"center center","background-size":"auto","background-attachment":"scroll","background-type":"","background-media":"","overlay-type":"","overlay-color":"","overlay-opacity":"","overlay-gradient":""}},"footnotes":""},"class_list":["post-551","page","type-page","status-publish","hentry"],"_links":{"self":[{"href":"https:\/\/jsptoledo.org\/index.php\/wp-json\/wp\/v2\/pages\/551","targetHints":{"allow":["GET"]}}],"collection":[{"href":"https:\/\/jsptoledo.org\/index.php\/wp-json\/wp\/v2\/pages"}],"about":[{"href":"https:\/\/jsptoledo.org\/index.php\/wp-json\/wp\/v2\/types\/page"}],"author":[{"embeddable":true,"href":"https:\/\/jsptoledo.org\/index.php\/wp-json\/wp\/v2\/users\/1"}],"replies":[{"embeddable":true,"href":"https:\/\/jsptoledo.org\/index.php\/wp-json\/wp\/v2\/comments?post=551"}],"version-history":[{"count":7,"href":"https:\/\/jsptoledo.org\/index.php\/wp-json\/wp\/v2\/pages\/551\/revisions"}],"predecessor-version":[{"id":836,"href":"https:\/\/jsptoledo.org\/index.php\/wp-json\/wp\/v2\/pages\/551\/revisions\/836"}],"wp:attachment":[{"href":"https:\/\/jsptoledo.org\/index.php\/wp-json\/wp\/v2\/media?parent=551"}],"curies":[{"name":"wp","href":"https:\/\/api.w.org\/{rel}","templated":true}]}}